{"id":4561,"date":"2021-12-17T10:45:52","date_gmt":"2021-12-17T09:45:52","guid":{"rendered":"https:\/\/www.foodandwineclm.com\/edit-company\/"},"modified":"2021-12-20T13:28:09","modified_gmt":"2021-12-20T12:28:09","slug":"edit-company","status":"publish","type":"page","link":"https:\/\/www.foodandwineclm.com\/en\/edit-company\/","title":{"rendered":"Edit company"},"content":{"rendered":"\t\t<div data-elementor-type=\"wp-page\" data-elementor-id=\"4561\" class=\"elementor elementor-4561 elementor-4487\" data-elementor-post-type=\"page\">\n\t\t\t\t\t\t<section class=\"elementor-section elementor-top-section elementor-element elementor-element-9ba37a4 elementor-section-boxed elementor-section-height-default elementor-section-height-default\" data-id=\"9ba37a4\" data-element_type=\"section\" data-e-type=\"section\">\n\t\t\t\t\t\t<div class=\"elementor-container elementor-column-gap-default\">\n\t\t\t\t\t<div class=\"elementor-column elementor-col-100 elementor-top-column elementor-element elementor-element-fc951f5\" data-id=\"fc951f5\" data-element_type=\"column\" data-e-type=\"column\">\n\t\t\t<div class=\"elementor-widget-wrap elementor-element-populated\">\n\t\t\t\t\t\t\t<\/div>\n\t\t<\/div>\n\t\t\t\t\t<\/div>\n\t\t<\/section>\n\t\t\t\t<\/div>\n\t\t","protected":false},"excerpt":{"rendered":"<p>Logotipo de empresa Choose file No file chosen T\u00edtulo de Ficha de empresa Descripci\u00f3n de la empresa Descripci\u00f3n de productos o servicios Im\u00e1genes de productos Choose file No file chosenAdd new Partida arancelaria Categor\u00edas Licitadores Licitador Direcci\u00f3n Not handled google_address Pa\u00edses de exportaci\u00f3n Solo Espa\u00f1a \u00c1frica Am\u00e9rica Asia Europa Ocean\u00eda Direcci\u00f3n web URL YouTube URL [&hellip;]<\/p>\n","protected":false},"author":6,"featured_media":0,"parent":0,"menu_order":0,"comment_status":"closed","ping_status":"closed","template":"","meta":{"_uag_custom_page_level_css":"","site-sidebar-layout":"no-sidebar","site-content-layout":"page-builder","ast-site-content-layout":"default","site-content-style":"default","site-sidebar-style":"default","ast-global-header-display":"","ast-banner-title-visibility":"","ast-main-header-display":"","ast-hfb-above-header-display":"","ast-hfb-below-header-display":"","ast-hfb-mobile-header-display":"","site-post-title":"disabled","ast-breadcrumbs-content":"","ast-featured-img":"disabled","footer-sml-layout":"","ast-disable-related-posts":"","theme-transparent-header-meta":"","adv-header-id-meta":"","stick-header-meta":"","header-above-stick-meta":"","header-main-stick-meta":"","header-below-stick-meta":"","astra-migrate-meta-layouts":"default","ast-page-background-enabled":"default","ast-page-background-meta":{"desktop":{"background-color":"","background-image":"","background-repeat":"repeat","background-position":"center center","background-size":"auto","background-attachment":"scroll","background-type":"","background-media":"","overlay-type":"","overlay-color":"","overlay-opacity":"","overlay-gradient":""},"tablet":{"background-color":"","background-image":"","background-repeat":"repeat","background-position":"center center","background-size":"auto","background-attachment":"scroll","background-type":"","background-media":"","overlay-type":"","overlay-color":"","overlay-opacity":"","overlay-gradient":""},"mobile":{"background-color":"","background-image":"","background-repeat":"repeat","background-position":"center center","background-size":"auto","background-attachment":"scroll","background-type":"","background-media":"","overlay-type":"","overlay-color":"","overlay-opacity":"","overlay-gradient":""}},"ast-content-background-meta":{"desktop":{"background-color":"var(--ast-global-color-5)","background-image":"","background-repeat":"repeat","background-position":"center center","background-size":"auto","background-attachment":"scroll","background-type":"","background-media":"","overlay-type":"","overlay-color":"","overlay-opacity":"","overlay-gradient":""},"tablet":{"background-color":"var(--ast-global-color-5)","background-image":"","background-repeat":"repeat","background-position":"center center","background-size":"auto","background-attachment":"scroll","background-type":"","background-media":"","overlay-type":"","overlay-color":"","overlay-opacity":"","overlay-gradient":""},"mobile":{"background-color":"var(--ast-global-color-5)","background-image":"","background-repeat":"repeat","background-position":"center center","background-size":"auto","background-attachment":"scroll","background-type":"","background-media":"","overlay-type":"","overlay-color":"","overlay-opacity":"","overlay-gradient":""}},"footnotes":""},"class_list":["post-4561","page","type-page","status-publish","hentry"],"yoast_head":"<!-- This site is optimized with the Yoast SEO plugin v27.2 - https:\/\/yoast.com\/product\/yoast-seo-wordpress\/ -->\n<title>Edit company | Food and Beverages<\/title>\n<meta name=\"robots\" content=\"index, follow, max-snippet:-1, max-image-preview:large, max-video-preview:-1\" \/>\n<link rel=\"canonical\" href=\"https:\/\/www.foodandwineclm.com\/editar-ficha-empresa\/\" \/>\n<meta property=\"og:locale\" content=\"en_US\" \/>\n<meta property=\"og:type\" content=\"article\" \/>\n<meta property=\"og:title\" content=\"Edit company | Food and Beverages\" \/>\n<meta property=\"og:description\" content=\"Logotipo de empresa Choose file No file chosen T\u00edtulo de Ficha de empresa Descripci\u00f3n de la empresa Descripci\u00f3n de productos o servicios Im\u00e1genes de productos Choose file No file chosenAdd new Partida arancelaria Categor\u00edas Licitadores Licitador Direcci\u00f3n Not handled google_address Pa\u00edses de exportaci\u00f3n Solo Espa\u00f1a \u00c1frica Am\u00e9rica Asia Europa Ocean\u00eda Direcci\u00f3n web URL YouTube URL [&hellip;]\" \/>\n<meta property=\"og:url\" content=\"https:\/\/www.foodandwineclm.com\/editar-ficha-empresa\/\" \/>\n<meta property=\"og:site_name\" content=\"Food and Beverages\" \/>\n<meta property=\"article:modified_time\" content=\"2021-12-20T12:28:09+00:00\" \/>\n<meta name=\"twitter:card\" content=\"summary_large_image\" \/>\n<script type=\"application\/ld+json\" class=\"yoast-schema-graph\">{\"@context\":\"https:\/\/schema.org\",\"@graph\":[{\"@type\":\"WebPage\",\"@id\":\"https:\/\/www.foodandwineclm.com\/editar-ficha-empresa\/\",\"url\":\"https:\/\/www.foodandwineclm.com\/editar-ficha-empresa\/\",\"name\":\"Edit company | Food and Beverages\",\"isPartOf\":{\"@id\":\"https:\/\/www.foodandwineclm.com\/#website\"},\"datePublished\":\"2021-12-17T09:45:52+00:00\",\"dateModified\":\"2021-12-20T12:28:09+00:00\",\"breadcrumb\":{\"@id\":\"https:\/\/www.foodandwineclm.com\/editar-ficha-empresa\/#breadcrumb\"},\"inLanguage\":\"en-US\",\"potentialAction\":[{\"@type\":\"ReadAction\",\"target\":[\"https:\/\/www.foodandwineclm.com\/editar-ficha-empresa\/\"]}]},{\"@type\":\"BreadcrumbList\",\"@id\":\"https:\/\/www.foodandwineclm.com\/editar-ficha-empresa\/#breadcrumb\",\"itemListElement\":[{\"@type\":\"ListItem\",\"position\":1,\"name\":\"Home\",\"item\":\"https:\/\/www.foodandwineclm.com\/en\/\"},{\"@type\":\"ListItem\",\"position\":2,\"name\":\"Edit company\"}]},{\"@type\":\"WebSite\",\"@id\":\"https:\/\/www.foodandwineclm.com\/#website\",\"url\":\"https:\/\/www.foodandwineclm.com\/\",\"name\":\"Food and Beverages\",\"description\":\"Descubre la diversidad de alimentos y vinos de calidad de Castilla-La Mancha, Espa\u00f1a.\",\"publisher\":{\"@id\":\"https:\/\/www.foodandwineclm.com\/#organization\"},\"potentialAction\":[{\"@type\":\"SearchAction\",\"target\":{\"@type\":\"EntryPoint\",\"urlTemplate\":\"https:\/\/www.foodandwineclm.com\/?s={search_term_string}\"},\"query-input\":{\"@type\":\"PropertyValueSpecification\",\"valueRequired\":true,\"valueName\":\"search_term_string\"}}],\"inLanguage\":\"en-US\"},{\"@type\":\"Organization\",\"@id\":\"https:\/\/www.foodandwineclm.com\/#organization\",\"name\":\"Food and Beverages\",\"url\":\"https:\/\/www.foodandwineclm.com\/\",\"logo\":{\"@type\":\"ImageObject\",\"inLanguage\":\"en-US\",\"@id\":\"https:\/\/www.foodandwineclm.com\/#\/schema\/logo\/image\/\",\"url\":\"https:\/\/www.foodandwineclm.com\/wp-content\/uploads\/sites\/14\/2021\/03\/logo_ipex_.png\",\"contentUrl\":\"https:\/\/www.foodandwineclm.com\/wp-content\/uploads\/sites\/14\/2021\/03\/logo_ipex_.png\",\"width\":1934,\"height\":571,\"caption\":\"Food and Beverages\"},\"image\":{\"@id\":\"https:\/\/www.foodandwineclm.com\/#\/schema\/logo\/image\/\"}}]}<\/script>\n<!-- \/ Yoast SEO plugin. -->","yoast_head_json":{"title":"Edit company | Food and Beverages","robots":{"index":"index","follow":"follow","max-snippet":"max-snippet:-1","max-image-preview":"max-image-preview:large","max-video-preview":"max-video-preview:-1"},"canonical":"https:\/\/www.foodandwineclm.com\/editar-ficha-empresa\/","og_locale":"en_US","og_type":"article","og_title":"Edit company | Food and Beverages","og_description":"Logotipo de empresa Choose file No file chosen T\u00edtulo de Ficha de empresa Descripci\u00f3n de la empresa Descripci\u00f3n de productos o servicios Im\u00e1genes de productos Choose file No file chosenAdd new Partida arancelaria Categor\u00edas Licitadores Licitador Direcci\u00f3n Not handled google_address Pa\u00edses de exportaci\u00f3n Solo Espa\u00f1a \u00c1frica Am\u00e9rica Asia Europa Ocean\u00eda Direcci\u00f3n web URL YouTube URL [&hellip;]","og_url":"https:\/\/www.foodandwineclm.com\/editar-ficha-empresa\/","og_site_name":"Food and Beverages","article_modified_time":"2021-12-20T12:28:09+00:00","twitter_card":"summary_large_image","schema":{"@context":"https:\/\/schema.org","@graph":[{"@type":"WebPage","@id":"https:\/\/www.foodandwineclm.com\/editar-ficha-empresa\/","url":"https:\/\/www.foodandwineclm.com\/editar-ficha-empresa\/","name":"Edit company | Food and Beverages","isPartOf":{"@id":"https:\/\/www.foodandwineclm.com\/#website"},"datePublished":"2021-12-17T09:45:52+00:00","dateModified":"2021-12-20T12:28:09+00:00","breadcrumb":{"@id":"https:\/\/www.foodandwineclm.com\/editar-ficha-empresa\/#breadcrumb"},"inLanguage":"en-US","potentialAction":[{"@type":"ReadAction","target":["https:\/\/www.foodandwineclm.com\/editar-ficha-empresa\/"]}]},{"@type":"BreadcrumbList","@id":"https:\/\/www.foodandwineclm.com\/editar-ficha-empresa\/#breadcrumb","itemListElement":[{"@type":"ListItem","position":1,"name":"Home","item":"https:\/\/www.foodandwineclm.com\/en\/"},{"@type":"ListItem","position":2,"name":"Edit company"}]},{"@type":"WebSite","@id":"https:\/\/www.foodandwineclm.com\/#website","url":"https:\/\/www.foodandwineclm.com\/","name":"Food and Beverages","description":"Descubre la diversidad de alimentos y vinos de calidad de Castilla-La Mancha, Espa\u00f1a.","publisher":{"@id":"https:\/\/www.foodandwineclm.com\/#organization"},"potentialAction":[{"@type":"SearchAction","target":{"@type":"EntryPoint","urlTemplate":"https:\/\/www.foodandwineclm.com\/?s={search_term_string}"},"query-input":{"@type":"PropertyValueSpecification","valueRequired":true,"valueName":"search_term_string"}}],"inLanguage":"en-US"},{"@type":"Organization","@id":"https:\/\/www.foodandwineclm.com\/#organization","name":"Food and Beverages","url":"https:\/\/www.foodandwineclm.com\/","logo":{"@type":"ImageObject","inLanguage":"en-US","@id":"https:\/\/www.foodandwineclm.com\/#\/schema\/logo\/image\/","url":"https:\/\/www.foodandwineclm.com\/wp-content\/uploads\/sites\/14\/2021\/03\/logo_ipex_.png","contentUrl":"https:\/\/www.foodandwineclm.com\/wp-content\/uploads\/sites\/14\/2021\/03\/logo_ipex_.png","width":1934,"height":571,"caption":"Food and Beverages"},"image":{"@id":"https:\/\/www.foodandwineclm.com\/#\/schema\/logo\/image\/"}}]}},"uagb_featured_image_src":{"full":false,"thumbnail":false,"medium":false,"medium_large":false,"large":false,"1536x1536":false,"2048x2048":false},"uagb_author_info":{"display_name":"Industrial IPEX","author_link":"https:\/\/www.foodandwineclm.com\/en\/author\/administradoripex\/"},"uagb_comment_info":0,"uagb_excerpt":"Logotipo de empresa Choose file No file chosen T\u00edtulo de Ficha de empresa Descripci\u00f3n de la empresa Descripci\u00f3n de productos o servicios Im\u00e1genes de productos Choose file No file chosenAdd new Partida arancelaria Categor\u00edas Licitadores Licitador Direcci\u00f3n Not handled google_address Pa\u00edses de exportaci\u00f3n Solo Espa\u00f1a \u00c1frica Am\u00e9rica Asia Europa Ocean\u00eda Direcci\u00f3n web URL YouTube URL&hellip;","_links":{"self":[{"href":"https:\/\/www.foodandwineclm.com\/en\/wp-json\/wp\/v2\/pages\/4561","targetHints":{"allow":["GET"]}}],"collection":[{"href":"https:\/\/www.foodandwineclm.com\/en\/wp-json\/wp\/v2\/pages"}],"about":[{"href":"https:\/\/www.foodandwineclm.com\/en\/wp-json\/wp\/v2\/types\/page"}],"author":[{"embeddable":true,"href":"https:\/\/www.foodandwineclm.com\/en\/wp-json\/wp\/v2\/users\/6"}],"replies":[{"embeddable":true,"href":"https:\/\/www.foodandwineclm.com\/en\/wp-json\/wp\/v2\/comments?post=4561"}],"version-history":[{"count":0,"href":"https:\/\/www.foodandwineclm.com\/en\/wp-json\/wp\/v2\/pages\/4561\/revisions"}],"wp:attachment":[{"href":"https:\/\/www.foodandwineclm.com\/en\/wp-json\/wp\/v2\/media?parent=4561"}],"curies":[{"name":"wp","href":"https:\/\/api.w.org\/{rel}","templated":true}]}}