{"id":2000,"date":"2020-12-14T16:28:02","date_gmt":"2020-12-14T15:28:02","guid":{"rendered":"http:\/\/www.foodandwineclm.com\/registro-de-usuarios\/"},"modified":"2022-03-21T17:14:16","modified_gmt":"2022-03-21T16:14:16","slug":"user-registration","status":"publish","type":"page","link":"https:\/\/www.foodandwineclm.com\/en\/user-registration\/","title":{"rendered":"User Registration"},"content":{"rendered":"\t\t<div data-elementor-type=\"wp-page\" data-elementor-id=\"2000\" class=\"elementor elementor-2000 elementor-115\" data-elementor-post-type=\"page\">\n\t\t\t\t\t\t<section class=\"elementor-section elementor-top-section elementor-element elementor-element-5a566cea elementor-section-content-middle elementor-section-full_width elementor-section-stretched elementor-section-height-default elementor-section-height-default\" data-id=\"5a566cea\" data-element_type=\"section\" data-e-type=\"section\" data-settings=\"{&quot;background_background&quot;:&quot;classic&quot;,&quot;stretch_section&quot;:&quot;section-stretched&quot;}\">\n\t\t\t\t\t\t\t<div class=\"elementor-background-overlay\"><\/div>\n\t\t\t\t\t\t\t<div class=\"elementor-container elementor-column-gap-no\">\n\t\t\t\t\t<div class=\"elementor-column elementor-col-100 elementor-top-column elementor-element elementor-element-4fbd0a6e\" data-id=\"4fbd0a6e\" data-element_type=\"column\" data-e-type=\"column\">\n\t\t\t<div class=\"elementor-widget-wrap elementor-element-populated\">\n\t\t\t\t\t\t<div class=\"elementor-element elementor-element-537b51be elementor-widget elementor-widget-heading\" data-id=\"537b51be\" data-element_type=\"widget\" data-e-type=\"widget\" data-widget_type=\"heading.default\">\n\t\t\t\t<div class=\"elementor-widget-container\">\n\t\t\t\t\t<h1 class=\"elementor-heading-title elementor-size-default\">Welcome<\/h1>\t\t\t\t<\/div>\n\t\t\t\t<\/div>\n\t\t\t\t<div class=\"elementor-element elementor-element-16d8a8a8 elementor-widget elementor-widget-heading\" data-id=\"16d8a8a8\" data-element_type=\"widget\" data-e-type=\"widget\" data-widget_type=\"heading.default\">\n\t\t\t\t<div class=\"elementor-widget-container\">\n\t\t\t\t\t<h5 class=\"elementor-heading-title elementor-size-default\">Directory of companies of FOOD, WINES AND BEVERAGES of Castilla - la mancha<\/h5>\t\t\t\t<\/div>\n\t\t\t\t<\/div>\n\t\t\t\t\t<\/div>\n\t\t<\/div>\n\t\t\t\t\t<\/div>\n\t\t<\/section>\n\t\t\t\t<section class=\"elementor-section elementor-top-section elementor-element elementor-element-4eafef67 elementor-section-boxed elementor-section-height-default elementor-section-height-default\" data-id=\"4eafef67\" data-element_type=\"section\" data-e-type=\"section\">\n\t\t\t\t\t\t<div class=\"elementor-container elementor-column-gap-default\">\n\t\t\t\t\t<div class=\"elementor-column elementor-col-100 elementor-top-column elementor-element elementor-element-331d6f91\" data-id=\"331d6f91\" data-element_type=\"column\" data-e-type=\"column\">\n\t\t\t<div class=\"elementor-widget-wrap elementor-element-populated\">\n\t\t\t\t\t\t<div class=\"elementor-element elementor-element-9122d45 elementor-widget elementor-widget-spacer\" data-id=\"9122d45\" data-element_type=\"widget\" data-e-type=\"widget\" data-widget_type=\"spacer.default\">\n\t\t\t\t<div class=\"elementor-widget-container\">\n\t\t\t\t\t\t\t<div class=\"elementor-spacer\">\n\t\t\t<div class=\"elementor-spacer-inner\"><\/div>\n\t\t<\/div>\n\t\t\t\t\t\t<\/div>\n\t\t\t\t<\/div>\n\t\t\t\t<div class=\"elementor-element elementor-element-f3239b0 elementor-widget elementor-widget-text-editor\" data-id=\"f3239b0\" data-element_type=\"widget\" data-e-type=\"widget\" data-widget_type=\"text-editor.default\">\n\t\t\t\t<div class=\"elementor-widget-container\">\n\t\t\t\t\t\t\t\t\t<h2>User registration<\/h2>\n<p>Not registered? Register as a user of Food and Wine Castilla &#8211; La Mancha and upload your company file to promote networking and get your company off the ground.<\/p>\n\t\t\t\t\t\t\t\t<\/div>\n\t\t\t\t<\/div>\n\t\t\t\t<div class=\"elementor-element elementor-element-3e159d90 elementor-widget elementor-widget-toolset-form\" data-id=\"3e159d90\" data-element_type=\"widget\" data-e-type=\"widget\" data-widget_type=\"toolset-form.default\">\n\t\t\t\t<div class=\"elementor-widget-container\">\n\t\t\t\t\t<form  id=\"cred_user_form_219_1_1\" class=\"cred-user-form cred-keep-original\" action=\"\/en\/wp-json\/wp\/v2\/pages\/2000?_tt=1776501111\" data-form=\"{&quot;form_id&quot;:&quot;cred_user_form_219_1_1&quot;,&quot;use_ajax&quot;:&quot;1&quot;,&quot;wpv_page&quot;:1}\" data-conditionals=\"[]\" method=\"post\">\r\n\t<div class=\"form-group\">\r\n\t\t<label for=\"cred_user_form_219_1_1_user_login\">User name<\/label>\r\n\t\t<div class=\"js-wpt-field-items js-wpt-repetitive wpt-repetitive\" data-initial-conditional=\"\" data-item_name=\"textfield-user_login\">\r\n<input type=\"text\" id=\"cred_user_form_219_1_1_user_login\" name=\"user_login\" value=\"\" preset_value=\"\" urlparam=\"\" make_readonly=\"\" max_width=\"\" max_height=\"\" class=\"form-control wpt-form-textfield form-textfield textfield\" output=\"bootstrap\" placeholder=\"\" data-wpt-validate=\"{&quot;username&quot;:{&quot;args&quot;:{&quot;1&quot;:true},&quot;message&quot;:&quot;El nombre de usuario no puede contener may\u00fasculas, solo puede contener caracteres alfanum\u00e9ricos, espacios, -, _, . or @&quot;},&quot;required&quot;:{&quot;args&quot;:{&quot;1&quot;:true},&quot;message&quot;:&quot; This field is mandatory&quot;}}\" data-wpt-field-title=\"Username\" data-parsley-required=\"true\" data-parsley-required-message=\" This field is mandatory\" data-parsley-credfilesize=\"20606976\" data-wpt-type=\"textfield\" data-wpt-id=\"cred_user_form_219_1_1_cred_user_form_219_1_1_user_login\" data-wpt-name=\"user_login\" \/>\r\n<\/div>\r\n\t<\/div>\r\n\t<div class=\"form-group\">\r\n\t\t<label for=\"cred_user_form_219_1_1_user_pass\">Password<\/label>\r\n\t\t<div class=\"js-wpt-field-items js-wpt-repetitive wpt-repetitive\" data-initial-conditional=\"\" data-item_name=\"password-user_pass\">\r\n<input type=\"password\" id=\"cred_user_form_219_1_1_user_pass\" name=\"user_pass\" value=\"\" preset_value=\"\" urlparam=\"\" make_readonly=\"\" max_width=\"\" max_height=\"\" class=\"form-control wpt-form-password form-password password\" output=\"bootstrap\" placeholder=\"\" data-wpt-validate=\"{&quot;required&quot;:{&quot;args&quot;:{&quot;1&quot;:true},&quot;message&quot;:&quot; This field is mandatory&quot;}}\" data-wpt-field-title=\"Password\" data-parsley-required=\"true\" data-parsley-required-message=\" This field is mandatory\" data-parsley-credfilesize=\"20606976\" data-wpt-type=\"password\" data-wpt-id=\"cred_user_form_219_1_1_cred_user_form_219_1_1_user_pass\" data-wpt-name=\"user_pass\" \/>\r\n<\/div>\r\n<label for=\"cred_user_form_219_1_1_user_pass2\">Repetir contrase\u00f1a<\/label><div class=\"js-wpt-field-items js-wpt-repetitive wpt-repetitive\" data-initial-conditional=\"\" data-item_name=\"password-user_pass2\">\r\n<input type=\"password\" id=\"cred_user_form_219_1_1_user_pass2\" name=\"user_pass2\" value=\"\" preset_value=\"\" urlparam=\"\" make_readonly=\"\" max_width=\"\" max_height=\"\" class=\"form-control wpt-form-password form-password password\" output=\"bootstrap\" placeholder=\"\" data-wpt-validate=\"{&quot;equalto&quot;:{&quot;args&quot;:{&quot;1&quot;:&quot;user_pass&quot;},&quot;message&quot;:&quot;Passwords do not match&quot;}}\" data-wpt-field-title=\"Repeat Password\" data-wpt-type=\"password\" data-wpt-id=\"cred_user_form_219_1_1_cred_user_form_219_1_1_user_pass2\" data-wpt-name=\"user_pass2\" \/>\r\n<\/div>\r\n\t<\/div>\r\n\t<div class=\"form-group\">\r\n\t\t<label for=\"cred_user_form_219_1_1_user_email\">Email<\/label>\r\n\t\t<div class=\"js-wpt-field-items js-wpt-repetitive wpt-repetitive\" data-initial-conditional=\"\" data-item_name=\"email-user_email\">\r\n<input type=\"text\" id=\"cred_user_form_219_1_1_user_email\" name=\"user_email\" value=\"\" preset_value=\"\" urlparam=\"\" make_readonly=\"\" max_width=\"\" max_height=\"\" class=\"form-control wpt-form-textfield form-textfield textfield\" output=\"bootstrap\" placeholder=\"\" data-wpt-validate=\"{&quot;email&quot;:{&quot;args&quot;:{&quot;1&quot;:true},&quot;message&quot;:&quot;Introduzca una direcci\u00f3n de correo electr\u00f3nico v\u00e1lida&quot;},&quot;required&quot;:{&quot;args&quot;:{&quot;1&quot;:true},&quot;message&quot;:&quot; This field is mandatory&quot;}}\" data-wpt-field-title=\"Email\" data-parsley-type=\"email\" data-parsley-error-message=\"Introduzca una direcci\u00f3n de correo electr\u00f3nico v\u00e1lida\" data-parsley-required=\"true\" data-parsley-required-message=\" This field is mandatory\" data-parsley-credfilesize=\"20606976\" data-wpt-type=\"textfield\" data-wpt-id=\"cred_user_form_219_1_1_cred_user_form_219_1_1_user_email\" data-wpt-name=\"user_email\" \/>\r\n<\/div>\r\n\t<\/div>\r\n\t<div class=\"form-group\">\r\n\t\t<label for=\"cred_user_form_219_1_1_nickname\">Alias<\/label>\r\n\t\t<div class=\"js-wpt-field-items js-wpt-repetitive wpt-repetitive\" data-initial-conditional=\"\" data-item_name=\"textfield-nickname\">\r\n<input type=\"text\" id=\"cred_user_form_219_1_1_nickname\" name=\"nickname\" value=\"\" preset_value=\"\" urlparam=\"\" make_readonly=\"\" max_width=\"\" max_height=\"\" class=\"form-control wpt-form-textfield form-textfield textfield\" output=\"bootstrap\" placeholder=\"\" data-wpt-type=\"textfield\" data-wpt-id=\"cred_user_form_219_1_1_cred_user_form_219_1_1_nickname\" data-wpt-name=\"nickname\" \/>\r\n<\/div>\r\n\t<\/div>\r\n\t<div class=\"form-group\">\r\n\t<label for=\"cred_user_form_219_1_1_Tengo autorizaci\u00f3n\"> Declaro que tengo autorizaci\u00f3n y soy la persona encargada de subir el contenido y el responsable de la veracidad de los datos que aporto al directorio.<\/label>\r\n\t<div class=\"js-wpt-field-items js-wpt-repetitive wpt-repetitive\" data-initial-conditional=\"\" data-item_name=\"checkbox-Tengo autorizaci\u00f3n\"><input type=\"checkbox\" id=\"cred_user_form_219_1_1_tengoautorizacin\" name=\"Tengo autorizaci\u00f3n\" data-wpt-type=\"checkbox\" data-wpt-id=\"cred_user_form_219_1_1_cred_user_form_219_1_1_tengoautorizacin\" data-wpt-name=\"Tengo autorizaci\u00f3n\" value=\" \" class=\" wpt-form-checkbox form-checkbox checkbox\" preset_value=\"\" cred_generic=\"1\" placeholder=\"\" preview=\"\" previewsize=\"\" urlparam=\"\" \/>&nbsp;<label class=\"wpt-form-label wpt-form-checkbox-label\" for=\"cred_user_form_219_1_1_tengoautorizacin\"> Declaro que tengo autorizaci\u00f3n y soy la persona encargada de subir el contenido y el responsable de la veracidad de los datos que aporto al directorio.<\/label>\r\n<input type=\"hidden\" name=\"_wptoolset_checkbox[cred_user_form_219_1_1_Tengo autorizaci\u00f3n]\" value=\"1\" \/>\r\n\r\n<\/div>\r\n\t<\/div>\r\n\t<div class=\"form-group\">\r\n\t<label for=\"cred_user_form_219_1_1_Declaro que le\u00eddo y acepto las condiciones\">Acepto la <a href=\"https:\/\/www.industrialclm.com\/politica-de-privacidad\/\">Pol\u00edtica de privacidad<\/a> y el <a href=\"ttps:\/\/www.castillalamancha.es\/avisolegal\">Aviso legal <\/a><\/label>\r\n\t<div class=\"js-wpt-field-items js-wpt-repetitive wpt-repetitive\" data-initial-conditional=\"\" data-item_name=\"checkbox-Declaro que le\u00eddo y acepto las condiciones\"><input type=\"checkbox\" id=\"cred_user_form_219_1_1_declaroqueledoyaceptolascondiciones\" name=\"Declaro que le\u00eddo y acepto las condiciones\" data-wpt-type=\"checkbox\" data-wpt-id=\"cred_user_form_219_1_1_cred_user_form_219_1_1_declaroqueledoyaceptolascondiciones\" data-wpt-name=\"Declaro que le\u00eddo y acepto las condiciones\" value=\"\" class=\" wpt-form-checkbox form-checkbox checkbox\" preset_value=\"\" cred_generic=\"1\" placeholder=\"\" preview=\"\" previewsize=\"\" urlparam=\"\" \/>&nbsp;<label class=\"wpt-form-label wpt-form-checkbox-label\" for=\"cred_user_form_219_1_1_declaroqueledoyaceptolascondiciones\">Acepto la <a href=\"https:\/\/www.industrialclm.com\/politica-de-privacidad\/\">Pol\u00edtica de privacidad<\/a> y el <a href=\"ttps:\/\/www.castillalamancha.es\/avisolegal\">Aviso legal <\/a><\/label>\r\n<input type=\"hidden\" name=\"_wptoolset_checkbox[cred_user_form_219_1_1_Declaro que le\u00eddo y acepto las condiciones]\" value=\"1\" \/>\r\n\r\n<\/div>\r\n\t<\/div>\r\n\t<div class=\"form-group\">\r\n\t<label for=\"cred_user_form_219_1_1_Doy mi consentimiento\">Doy mi consentimiento para utilizar mis datos y los datos introducidos para ser utilizados con fines comerciales<\/label>\r\n\t<div class=\"js-wpt-field-items js-wpt-repetitive wpt-repetitive\" data-initial-conditional=\"\" data-item_name=\"checkbox-Doy mi consentimiento\"><input type=\"checkbox\" id=\"cred_user_form_219_1_1_doymiconsentimiento\" name=\"Doy mi consentimiento\" data-wpt-type=\"checkbox\" data-wpt-id=\"cred_user_form_219_1_1_cred_user_form_219_1_1_doymiconsentimiento\" data-wpt-name=\"Doy mi consentimiento\" value=\"\" class=\" wpt-form-checkbox form-checkbox checkbox\" preset_value=\"\" cred_generic=\"1\" placeholder=\"\" preview=\"\" previewsize=\"\" urlparam=\"\" \/>&nbsp;<label class=\"wpt-form-label wpt-form-checkbox-label\" for=\"cred_user_form_219_1_1_doymiconsentimiento\">Doy mi consentimiento para utilizar mis datos y los datos introducidos para ser utilizados con fines comerciales<\/label>\r\n<input type=\"hidden\" name=\"_wptoolset_checkbox[cred_user_form_219_1_1_Doy mi consentimiento]\" value=\"1\" \/>\r\n\r\n<\/div>\r\n\t<\/div>\r\n\t<div id=\"wpt-form-message-219\"\n\t\t\t              data-message-single=\"The user was not saved due to the following problem:\"\n\t\t\t              data-message-plural=\"The user was not saved due to the following %NN problems:\"\n\t\t\t              style=\"display:none;\" class=\"wpt-top-form-error wpt-form-error wpt-form-error-wrapper alert alert-danger alert alert-warning\"><\/div>\r\n\t<input type=\"submit\" id=\"cred_user_form_219_1_1_form_submit_1\" name=\"form_submit_1\" value=\"Register user\" class=\"btn btn-primary btn-lg wpt-form-submit form-submit submit\" \/>\r\n<input type=\"hidden\" id=\"cred_user_form_219_1_1__cred_cred_prefix_cred_container_id\" name=\"_cred_cred_prefix_cred_container_id\" value=\"2000\" class=\"wpt-form-hidden form-hidden\" data-wpt-id=\"cred_user_form_219_1_1_cred_user_form_219_1_1__cred_cred_prefix_cred_container_id\" data-wpt-name=\"_cred_cred_prefix_cred_container_id\" \/><input type=\"hidden\" id=\"cred_user_form_219_1_1__cred_cred_prefix_form_id\" name=\"_cred_cred_prefix_form_id\" value=\"219\" class=\"wpt-form-hidden form-hidden\" data-wpt-id=\"cred_user_form_219_1_1_cred_user_form_219_1_1__cred_cred_prefix_form_id\" data-wpt-name=\"_cred_cred_prefix_form_id\" \/><input type=\"hidden\" id=\"cred_user_form_219_1_1__cred_cred_prefix_form_count\" name=\"_cred_cred_prefix_form_count\" value=\"1\" class=\"wpt-form-hidden form-hidden\" data-wpt-id=\"cred_user_form_219_1_1_cred_user_form_219_1_1__cred_cred_prefix_form_count\" data-wpt-name=\"_cred_cred_prefix_form_count\" \/><\/form>\t\t\t\t<\/div>\n\t\t\t\t<\/div>\n\t\t\t\t<div class=\"elementor-element elementor-element-4eb8139b elementor-widget elementor-widget-spacer\" data-id=\"4eb8139b\" data-element_type=\"widget\" data-e-type=\"widget\" data-widget_type=\"spacer.default\">\n\t\t\t\t<div class=\"elementor-widget-container\">\n\t\t\t\t\t\t\t<div class=\"elementor-spacer\">\n\t\t\t<div class=\"elementor-spacer-inner\"><\/div>\n\t\t<\/div>\n\t\t\t\t\t\t<\/div>\n\t\t\t\t<\/div>\n\t\t\t\t\t<\/div>\n\t\t<\/div>\n\t\t\t\t\t<\/div>\n\t\t<\/section>\n\t\t\t\t<\/div>\n\t\t","protected":false},"excerpt":{"rendered":"<p>Welcome Directory of companies of FOOD, WINES AND BEVERAGES of Castilla &#8211; la mancha User registration Not registered? Register as a user of Food and Wine Castilla &#8211; La Mancha and upload your company file to promote networking and get your company off the ground. Nombre Apellido Nombre de usuario Email Contrase\u00f1a Repite tu contrase\u00f1a [&hellip;]<\/p>\n","protected":false},"author":1,"featured_media":0,"parent":0,"menu_order":0,"comment_status":"closed","ping_status":"closed","template":"","meta":{"_uag_custom_page_level_css":"","site-sidebar-layout":"default","site-content-layout":"default","ast-site-content-layout":"default","site-content-style":"default","site-sidebar-style":"default","ast-global-header-display":"","ast-banner-title-visibility":"","ast-main-header-display":"","ast-hfb-above-header-display":"","ast-hfb-below-header-display":"","ast-hfb-mobile-header-display":"","site-post-title":"disabled","ast-breadcrumbs-content":"","ast-featured-img":"","footer-sml-layout":"","ast-disable-related-posts":"","theme-transparent-header-meta":"default","adv-header-id-meta":"","stick-header-meta":"default","header-above-stick-meta":"","header-main-stick-meta":"","header-below-stick-meta":"","astra-migrate-meta-layouts":"default","ast-page-background-enabled":"default","ast-page-background-meta":{"desktop":{"background-color":"","background-image":"","background-repeat":"repeat","background-position":"center center","background-size":"auto","background-attachment":"scroll","background-type":"","background-media":"","overlay-type":"","overlay-color":"","overlay-opacity":"","overlay-gradient":""},"tablet":{"background-color":"","background-image":"","background-repeat":"repeat","background-position":"center center","background-size":"auto","background-attachment":"scroll","background-type":"","background-media":"","overlay-type":"","overlay-color":"","overlay-opacity":"","overlay-gradient":""},"mobile":{"background-color":"","background-image":"","background-repeat":"repeat","background-position":"center center","background-size":"auto","background-attachment":"scroll","background-type":"","background-media":"","overlay-type":"","overlay-color":"","overlay-opacity":"","overlay-gradient":""}},"ast-content-background-meta":{"desktop":{"background-color":"var(--ast-global-color-5)","background-image":"","background-repeat":"repeat","background-position":"center center","background-size":"auto","background-attachment":"scroll","background-type":"","background-media":"","overlay-type":"","overlay-color":"","overlay-opacity":"","overlay-gradient":""},"tablet":{"background-color":"var(--ast-global-color-5)","background-image":"","background-repeat":"repeat","background-position":"center center","background-size":"auto","background-attachment":"scroll","background-type":"","background-media":"","overlay-type":"","overlay-color":"","overlay-opacity":"","overlay-gradient":""},"mobile":{"background-color":"var(--ast-global-color-5)","background-image":"","background-repeat":"repeat","background-position":"center center","background-size":"auto","background-attachment":"scroll","background-type":"","background-media":"","overlay-type":"","overlay-color":"","overlay-opacity":"","overlay-gradient":""}},"footnotes":""},"class_list":["post-2000","page","type-page","status-publish","hentry"],"yoast_head":"<!-- This site is optimized with the Yoast SEO plugin v27.2 - https:\/\/yoast.com\/product\/yoast-seo-wordpress\/ -->\n<title>User Registration | Food and Beverages<\/title>\n<meta name=\"robots\" content=\"index, follow, max-snippet:-1, max-image-preview:large, max-video-preview:-1\" \/>\n<link rel=\"canonical\" href=\"https:\/\/www.foodandwineclm.com\/registro-de-usuarios\/\" \/>\n<meta property=\"og:locale\" content=\"en_US\" \/>\n<meta property=\"og:type\" content=\"article\" \/>\n<meta property=\"og:title\" content=\"User Registration | Food and Beverages\" \/>\n<meta property=\"og:description\" content=\"Welcome Directory of companies of FOOD, WINES AND BEVERAGES of Castilla &#8211; la mancha User registration Not registered? Register as a user of Food and Wine Castilla &#8211; La Mancha and upload your company file to promote networking and get your company off the ground. Nombre Apellido Nombre de usuario Email Contrase\u00f1a Repite tu contrase\u00f1a [&hellip;]\" \/>\n<meta property=\"og:url\" content=\"https:\/\/www.foodandwineclm.com\/registro-de-usuarios\/\" \/>\n<meta property=\"og:site_name\" content=\"Food and Beverages\" \/>\n<meta property=\"article:modified_time\" content=\"2022-03-21T16:14:16+00:00\" \/>\n<meta name=\"twitter:card\" content=\"summary_large_image\" \/>\n<script type=\"application\/ld+json\" class=\"yoast-schema-graph\">{\"@context\":\"https:\/\/schema.org\",\"@graph\":[{\"@type\":\"WebPage\",\"@id\":\"https:\/\/www.foodandwineclm.com\/registro-de-usuarios\/\",\"url\":\"https:\/\/www.foodandwineclm.com\/registro-de-usuarios\/\",\"name\":\"User Registration | Food and Beverages\",\"isPartOf\":{\"@id\":\"https:\/\/www.foodandwineclm.com\/#website\"},\"datePublished\":\"2020-12-14T15:28:02+00:00\",\"dateModified\":\"2022-03-21T16:14:16+00:00\",\"breadcrumb\":{\"@id\":\"https:\/\/www.foodandwineclm.com\/registro-de-usuarios\/#breadcrumb\"},\"inLanguage\":\"en-US\",\"potentialAction\":[{\"@type\":\"ReadAction\",\"target\":[\"https:\/\/www.foodandwineclm.com\/registro-de-usuarios\/\"]}]},{\"@type\":\"BreadcrumbList\",\"@id\":\"https:\/\/www.foodandwineclm.com\/registro-de-usuarios\/#breadcrumb\",\"itemListElement\":[{\"@type\":\"ListItem\",\"position\":1,\"name\":\"Home\",\"item\":\"https:\/\/www.foodandwineclm.com\/en\/\"},{\"@type\":\"ListItem\",\"position\":2,\"name\":\"User Registration\"}]},{\"@type\":\"WebSite\",\"@id\":\"https:\/\/www.foodandwineclm.com\/#website\",\"url\":\"https:\/\/www.foodandwineclm.com\/\",\"name\":\"Food and Beverages\",\"description\":\"Descubre la diversidad de alimentos y vinos de calidad de Castilla-La Mancha, Espa\u00f1a.\",\"publisher\":{\"@id\":\"https:\/\/www.foodandwineclm.com\/#organization\"},\"potentialAction\":[{\"@type\":\"SearchAction\",\"target\":{\"@type\":\"EntryPoint\",\"urlTemplate\":\"https:\/\/www.foodandwineclm.com\/?s={search_term_string}\"},\"query-input\":{\"@type\":\"PropertyValueSpecification\",\"valueRequired\":true,\"valueName\":\"search_term_string\"}}],\"inLanguage\":\"en-US\"},{\"@type\":\"Organization\",\"@id\":\"https:\/\/www.foodandwineclm.com\/#organization\",\"name\":\"Food and Beverages\",\"url\":\"https:\/\/www.foodandwineclm.com\/\",\"logo\":{\"@type\":\"ImageObject\",\"inLanguage\":\"en-US\",\"@id\":\"https:\/\/www.foodandwineclm.com\/#\/schema\/logo\/image\/\",\"url\":\"https:\/\/www.foodandwineclm.com\/wp-content\/uploads\/sites\/14\/2021\/03\/logo_ipex_.png\",\"contentUrl\":\"https:\/\/www.foodandwineclm.com\/wp-content\/uploads\/sites\/14\/2021\/03\/logo_ipex_.png\",\"width\":1934,\"height\":571,\"caption\":\"Food and Beverages\"},\"image\":{\"@id\":\"https:\/\/www.foodandwineclm.com\/#\/schema\/logo\/image\/\"}}]}<\/script>\n<!-- \/ Yoast SEO plugin. -->","yoast_head_json":{"title":"User Registration | Food and Beverages","robots":{"index":"index","follow":"follow","max-snippet":"max-snippet:-1","max-image-preview":"max-image-preview:large","max-video-preview":"max-video-preview:-1"},"canonical":"https:\/\/www.foodandwineclm.com\/registro-de-usuarios\/","og_locale":"en_US","og_type":"article","og_title":"User Registration | Food and Beverages","og_description":"Welcome Directory of companies of FOOD, WINES AND BEVERAGES of Castilla &#8211; la mancha User registration Not registered? Register as a user of Food and Wine Castilla &#8211; La Mancha and upload your company file to promote networking and get your company off the ground. Nombre Apellido Nombre de usuario Email Contrase\u00f1a Repite tu contrase\u00f1a [&hellip;]","og_url":"https:\/\/www.foodandwineclm.com\/registro-de-usuarios\/","og_site_name":"Food and Beverages","article_modified_time":"2022-03-21T16:14:16+00:00","twitter_card":"summary_large_image","schema":{"@context":"https:\/\/schema.org","@graph":[{"@type":"WebPage","@id":"https:\/\/www.foodandwineclm.com\/registro-de-usuarios\/","url":"https:\/\/www.foodandwineclm.com\/registro-de-usuarios\/","name":"User Registration | Food and Beverages","isPartOf":{"@id":"https:\/\/www.foodandwineclm.com\/#website"},"datePublished":"2020-12-14T15:28:02+00:00","dateModified":"2022-03-21T16:14:16+00:00","breadcrumb":{"@id":"https:\/\/www.foodandwineclm.com\/registro-de-usuarios\/#breadcrumb"},"inLanguage":"en-US","potentialAction":[{"@type":"ReadAction","target":["https:\/\/www.foodandwineclm.com\/registro-de-usuarios\/"]}]},{"@type":"BreadcrumbList","@id":"https:\/\/www.foodandwineclm.com\/registro-de-usuarios\/#breadcrumb","itemListElement":[{"@type":"ListItem","position":1,"name":"Home","item":"https:\/\/www.foodandwineclm.com\/en\/"},{"@type":"ListItem","position":2,"name":"User Registration"}]},{"@type":"WebSite","@id":"https:\/\/www.foodandwineclm.com\/#website","url":"https:\/\/www.foodandwineclm.com\/","name":"Food and Beverages","description":"Descubre la diversidad de alimentos y vinos de calidad de Castilla-La Mancha, Espa\u00f1a.","publisher":{"@id":"https:\/\/www.foodandwineclm.com\/#organization"},"potentialAction":[{"@type":"SearchAction","target":{"@type":"EntryPoint","urlTemplate":"https:\/\/www.foodandwineclm.com\/?s={search_term_string}"},"query-input":{"@type":"PropertyValueSpecification","valueRequired":true,"valueName":"search_term_string"}}],"inLanguage":"en-US"},{"@type":"Organization","@id":"https:\/\/www.foodandwineclm.com\/#organization","name":"Food and Beverages","url":"https:\/\/www.foodandwineclm.com\/","logo":{"@type":"ImageObject","inLanguage":"en-US","@id":"https:\/\/www.foodandwineclm.com\/#\/schema\/logo\/image\/","url":"https:\/\/www.foodandwineclm.com\/wp-content\/uploads\/sites\/14\/2021\/03\/logo_ipex_.png","contentUrl":"https:\/\/www.foodandwineclm.com\/wp-content\/uploads\/sites\/14\/2021\/03\/logo_ipex_.png","width":1934,"height":571,"caption":"Food and Beverages"},"image":{"@id":"https:\/\/www.foodandwineclm.com\/#\/schema\/logo\/image\/"}}]}},"uagb_featured_image_src":{"full":false,"thumbnail":false,"medium":false,"medium_large":false,"large":false,"1536x1536":false,"2048x2048":false},"uagb_author_info":{"display_name":"Admin IPEX","author_link":"https:\/\/www.foodandwineclm.com\/en\/author\/administrador\/"},"uagb_comment_info":0,"uagb_excerpt":"Welcome Directory of companies of FOOD, WINES AND BEVERAGES of Castilla &#8211; la mancha User registration Not registered? Register as a user of Food and Wine Castilla &#8211; La Mancha and upload your company file to promote networking and get your company off the ground. Nombre Apellido Nombre de usuario Email Contrase\u00f1a Repite tu contrase\u00f1a&hellip;","_links":{"self":[{"href":"https:\/\/www.foodandwineclm.com\/en\/wp-json\/wp\/v2\/pages\/2000","targetHints":{"allow":["GET"]}}],"collection":[{"href":"https:\/\/www.foodandwineclm.com\/en\/wp-json\/wp\/v2\/pages"}],"about":[{"href":"https:\/\/www.foodandwineclm.com\/en\/wp-json\/wp\/v2\/types\/page"}],"author":[{"embeddable":true,"href":"https:\/\/www.foodandwineclm.com\/en\/wp-json\/wp\/v2\/users\/1"}],"replies":[{"embeddable":true,"href":"https:\/\/www.foodandwineclm.com\/en\/wp-json\/wp\/v2\/comments?post=2000"}],"version-history":[{"count":0,"href":"https:\/\/www.foodandwineclm.com\/en\/wp-json\/wp\/v2\/pages\/2000\/revisions"}],"wp:attachment":[{"href":"https:\/\/www.foodandwineclm.com\/en\/wp-json\/wp\/v2\/media?parent=2000"}],"curies":[{"name":"wp","href":"https:\/\/api.w.org\/{rel}","templated":true}]}}